{"id":2500,"date":"2016-01-28T18:10:48","date_gmt":"2016-01-28T18:10:48","guid":{"rendered":"http:\/\/fbo-org.com\/recomendar-a-un-amigo\/?lang=fr"},"modified":"2016-07-13T08:53:02","modified_gmt":"2016-07-13T08:53:02","slug":"recommandez-fbo-a-un-ami","status":"publish","type":"page","link":"https:\/\/fbo-org.com\/fr\/recommandez-fbo-a-un-ami\/","title":{"rendered":"Recommander FBO \u00e0 un ami"},"content":{"rendered":"\n<style type=\"text\/css\" data-created_by=\"avia_inline_auto\" id=\"style-css-av-av_section-e08ea96a05eeeb5d3897097cdaa42505\">\n.avia-section.av-av_section-e08ea96a05eeeb5d3897097cdaa42505{\nbackground-color:#f6921e;\nbackground-repeat:no-repeat;\nbackground-image:url(https:\/\/fbo-org.com\/wp-content\/uploads\/2016\/01\/Fondo3.jpg);\nbackground-position:50% 0%;\nbackground-attachment:fixed;\n}\n.avia-section.av-av_section-e08ea96a05eeeb5d3897097cdaa42505 .av-extra-border-element .av-extra-border-inner{\nbackground-color:#f6921e;\n}\n<\/style>\n<div id='av_section_1'  class='avia-section av-av_section-e08ea96a05eeeb5d3897097cdaa42505 main_color avia-section-default avia-no-border-styling  avia-builder-el-0  avia-builder-el-no-sibling  avia-bg-style-fixed av-arrow-down-section container_wrap fullsize'  data-section-bg-repeat='no-repeat'><div class=\"av-section-color-overlay-wrap\"><a href='#next-section' title='' class='scroll-down-link ' aria-hidden='true' data-av_icon='\ue877' data-av_iconfont='entypo-fontello'><\/a><div class='container av-section-cont-open' ><main  role=\"main\" itemprop=\"mainContentOfPage\"  class='template-page content  av-content-full alpha units'><div class='post-entry post-entry-type-page post-entry-2500'><div class='entry-content-wrapper clearfix'>\n\n<style type=\"text\/css\" data-created_by=\"avia_inline_auto\" id=\"style-css-av-av_two_fifth-7fea06a1d35356778a22d1d732db7862\">\n.flex_column.av-av_two_fifth-7fea06a1d35356778a22d1d732db7862{\nborder-radius:0px 0px 0px 0px;\n-webkit-border-radius:0px 0px 0px 0px;\n-moz-border-radius:0px 0px 0px 0px;\npadding:-10px -10px -10px -10px;\n}\n<\/style>\n<div class='flex_column av-av_two_fifth-7fea06a1d35356778a22d1d732db7862 av_two_fifth  avia-builder-el-1  el_before_av_one_half  avia-builder-el-first  first flex_column_div '   ><style type=\"text\/css\" data-created_by=\"avia_inline_auto\" id=\"style-css-av-av_textblock-947dee63ef0614bd114f2b0dde479750\">\n#top .av_textblock_section.av-av_textblock-947dee63ef0614bd114f2b0dde479750 .avia_textblock{\nfont-size:16px;\ncolor:#ffffff;\n}\n<\/style>\n<section  class='av_textblock_section av-av_textblock-947dee63ef0614bd114f2b0dde479750'  itemscope=\"itemscope\" itemtype=\"https:\/\/schema.org\/CreativeWork\" ><div class='avia_textblock av_inherit_color'  itemprop=\"text\" ><h3 style=\"padding-left: 30px;\"><a href=\"http:\/\/fbo-org.com\/wp-content\/uploads\/2015\/10\/fondo-contacto-fbo2.jpg\" rel=\"attachment wp-att-1223\"><img loading=\"lazy\" class=\"size-full wp-image-1223\" src=\"http:\/\/fbo-org.com\/wp-content\/uploads\/2015\/10\/fondo-contacto-fbo2.jpg\" alt=\"FBO ORGANISATION, colaboramos con el Medio Ambiente.\" width=\"1340\" height=\"620\" srcset=\"https:\/\/fbo-org.com\/wp-content\/uploads\/2015\/10\/fondo-contacto-fbo2.jpg 1340w, https:\/\/fbo-org.com\/wp-content\/uploads\/2015\/10\/fondo-contacto-fbo2-300x139.jpg 300w, https:\/\/fbo-org.com\/wp-content\/uploads\/2015\/10\/fondo-contacto-fbo2-1030x477.jpg 1030w, https:\/\/fbo-org.com\/wp-content\/uploads\/2015\/10\/fondo-contacto-fbo2-705x326.jpg 705w, https:\/\/fbo-org.com\/wp-content\/uploads\/2015\/10\/fondo-contacto-fbo2-450x208.jpg 450w\" sizes=\"(max-width: 1340px) 100vw, 1340px\" \/><\/a><\/h3>\n<div class=\"av-subheading av-subheading_below \"><\/div>\n<\/div><\/section><br \/>\n\n<style type=\"text\/css\" data-created_by=\"avia_inline_auto\" id=\"style-css-av-av_hr-a6de236e6c183bbbd700292deacd2b52\">\n#top .hr.hr-invisible.av-av_hr-a6de236e6c183bbbd700292deacd2b52{\nheight:20px;\n}\n<\/style>\n<div  class='hr av-av_hr-a6de236e6c183bbbd700292deacd2b52 hr-invisible  avia-builder-el-3  el_after_av_textblock  el_before_av_textblock '><span class='hr-inner '><span class=\"hr-inner-style\"><\/span><\/span><\/div><br \/>\n\n<style type=\"text\/css\" data-created_by=\"avia_inline_auto\" id=\"style-css-av-av_textblock-947dee63ef0614bd114f2b0dde479750\">\n#top .av_textblock_section.av-av_textblock-947dee63ef0614bd114f2b0dde479750 .avia_textblock{\nfont-size:16px;\ncolor:#ffffff;\n}\n<\/style>\n<section  class='av_textblock_section av-av_textblock-947dee63ef0614bd114f2b0dde479750'  itemscope=\"itemscope\" itemtype=\"https:\/\/schema.org\/CreativeWork\" ><div class='avia_textblock av_inherit_color'  itemprop=\"text\" ><h3 style=\"padding-left: 30px;\">Vous voulez contribuer \u00e0 un meilleur environnement?<\/h3>\n<div class=\"av-subheading av-subheading_below \">\n<p style=\"padding-left: 30px;\">\n<style type=\"text\/css\" data-created_by=\"avia_inline_auto\" id=\"style-css-av-av_font_icon-eb273aaad8c43db555b07abbc943972a\">\n.av_font_icon.av-av_font_icon-eb273aaad8c43db555b07abbc943972a .av-icon-char{\nfont-size:45px;\nline-height:45px;\n}\n<\/style>\n<span  class='av_font_icon av-av_font_icon-eb273aaad8c43db555b07abbc943972a avia_animate_when_visible av-icon-style- avia-icon-pos-left av-no-color avia-icon-animate'><a href='https:\/\/fbo-org.com\/que-hacemos\/recogemos-sus-cartuchos-vacios-de-impresoras\/'  class='av-icon-char' aria-hidden='true' data-av_icon='\ue02e' data-av_iconfont='linecons' ><\/a><\/span>Ne jetez plus vos cartouches vides, nous les\u00a0<strong><a href=\"https:\/\/fbo-org.com\/fr\/que-hacemos\/nous-recuperons-vos-cartouches-vides-dimprimante\/\"><strong>r\u00e9cup\u00e9rons<\/strong><\/a><\/strong>.<\/p>\n<p style=\"padding-left: 30px;\">\n<style type=\"text\/css\" data-created_by=\"avia_inline_auto\" id=\"style-css-av-av_font_icon-d8a8a56ae713213fe2ae9f441c669e6d\">\n.av_font_icon.av-av_font_icon-d8a8a56ae713213fe2ae9f441c669e6d .av-icon-char{\nfont-size:55px;\nline-height:55px;\n}\n<\/style>\n<span  class='av_font_icon av-av_font_icon-d8a8a56ae713213fe2ae9f441c669e6d avia_animate_when_visible av-icon-style- avia-icon-pos-left av-no-color avia-icon-animate'><a href='https:\/\/fbo-org.com\/que-hacemos\/compramos-sus-cartuchos-originales-sin-usar\/'  class='av-icon-char' aria-hidden='true' data-av_icon='\ue82b' data-av_iconfont='entypo-fontello' ><\/a><\/span>Si elles sont neuves et jamais utilis\u00e9es, nous vous proposons de les\u00a0<a href=\"https:\/\/fbo-org.com\/fr\/que-hacemos\/nous-rachetons-vos-cartouches-neuves-originales-non-utilisees\/\"><strong>racheter<\/strong><\/a>.<\/p>\n<p style=\"padding-left: 30px;\">\n<style type=\"text\/css\" data-created_by=\"avia_inline_auto\" id=\"style-css-av-av_font_icon-c41c379f38cb395e5ed18545b062a483\">\n.av_font_icon.av-av_font_icon-c41c379f38cb395e5ed18545b062a483 .av-icon-char{\nfont-size:45px;\nline-height:45px;\n}\n<\/style>\n<span  class='av_font_icon av-av_font_icon-c41c379f38cb395e5ed18545b062a483 avia_animate_when_visible av-icon-style- avia-icon-pos-left av-no-color avia-icon-animate'><a href='https:\/\/fbo-org.com\/que-hacemos\/compramos-sus-cartuchos-originales-sin-usar\/'  class='av-icon-char' aria-hidden='true' data-av_icon='\ue859' data-av_iconfont='entypo-fontello' ><\/a><\/span>Outlet de cartouches originales pleines en\u00a0surstock, nous allons les\u00a0\u00a0<a href=\"https:\/\/fbo-org.com\/fr\/que-hacemos\/nous-vendons-outlet-de-cartouches-originales\/\"><strong>vendre<\/strong><\/a>.<\/p>\n<p style=\"padding-left: 30px;\">\n<style type=\"text\/css\" data-created_by=\"avia_inline_auto\" id=\"style-css-av-av_font_icon-4d873c8cbc64fcc500c2e4b5f30751cb\">\n.av_font_icon.av-av_font_icon-4d873c8cbc64fcc500c2e4b5f30751cb .av-icon-char{\nfont-size:58px;\nline-height:58px;\n}\n<\/style>\n<span  class='av_font_icon av-av_font_icon-4d873c8cbc64fcc500c2e4b5f30751cb avia_animate_when_visible av-icon-style- avia-icon-pos-left av-no-color avia-icon-animate'><a href='https:\/\/fbo-org.com\/que-hacemos\/gestion-de-residuos-para-las-empresas\/'  class='av-icon-char' aria-hidden='true' data-av_icon='\ue84b' data-av_iconfont='entypo-fontello' ><\/a><\/span>Nous vous aidons ainsi \u00e0 vous mettre en conformit\u00e9 avec les lois environnementales en nous chargeant de la\u00a0<strong><a href=\"https:\/\/fbo-org.com\/fr\/que-hacemos\/gestion-des-dechets-pour-les-enterprises\/\">gestion<\/a><\/strong>\u00a0du traitement.<\/p>\n<\/div>\n<div class=\"av-subheading av-subheading_below \"><\/div>\n<\/div><\/section><\/div>\n<style type=\"text\/css\" data-created_by=\"avia_inline_auto\" id=\"style-css-av-av_one_half-8e7b0e9b514b5aabea560219bfadcdba\">\n.flex_column.av-av_one_half-8e7b0e9b514b5aabea560219bfadcdba{\nborder-radius:0px 0px 0px 0px;\n-webkit-border-radius:0px 0px 0px 0px;\n-moz-border-radius:0px 0px 0px 0px;\npadding:10px 10px 10px 10px;\nbackground-color:rgba(10,10,10,0.2);\n}\n<\/style>\n<div class='flex_column av-av_one_half-8e7b0e9b514b5aabea560219bfadcdba av_one_half  avia-builder-el-9  el_after_av_two_fifth  avia-builder-el-last  flex_column_div '   ><style type=\"text\/css\" data-created_by=\"avia_inline_auto\" id=\"style-css-av-av_textblock-947dee63ef0614bd114f2b0dde479750\">\n#top .av_textblock_section.av-av_textblock-947dee63ef0614bd114f2b0dde479750 .avia_textblock{\nfont-size:16px;\ncolor:#ffffff;\n}\n<\/style>\n<section  class='av_textblock_section av-av_textblock-947dee63ef0614bd114f2b0dde479750'  itemscope=\"itemscope\" itemtype=\"https:\/\/schema.org\/CreativeWork\" ><div class='avia_textblock av_inherit_color'  itemprop=\"text\" ><h4><\/h4>\n<h4>RECOMMANDER FBO \u00c0 UN AMI<\/h4>\n\n<style type=\"text\/css\" data-created_by=\"avia_inline_auto\" id=\"style-css-av-av_hr-a6de236e6c183bbbd700292deacd2b52\">\n#top .hr.hr-invisible.av-av_hr-a6de236e6c183bbbd700292deacd2b52{\nheight:20px;\n}\n<\/style>\n<div  class='hr av-av_hr-a6de236e6c183bbbd700292deacd2b52 hr-invisible  avia-builder-el-11  avia-builder-el-no-sibling '><span class='hr-inner '><span class=\"hr-inner-style\"><\/span><\/span><\/div>\n<div class=\"av-subheading av-subheading_below \"><\/div>\n<\/div><\/section><br \/>\n\n<style type=\"text\/css\" data-created_by=\"avia_inline_auto\" id=\"style-css-av-av_textblock-0495ba487d93331d0a255e1072a23468\">\n#top .av_textblock_section.av-av_textblock-0495ba487d93331d0a255e1072a23468 .avia_textblock{\ncolor:#ffffff;\n}\n<\/style>\n<section  class='av_textblock_section av-av_textblock-0495ba487d93331d0a255e1072a23468'  itemscope=\"itemscope\" itemtype=\"https:\/\/schema.org\/CreativeWork\" ><div class='avia_textblock av_inherit_color'  itemprop=\"text\" ><p style=\"text-align: center;\"><div role=\"form\" class=\"wpcf7\" id=\"wpcf7-f2828-o1\" lang=\"fr-FR\" dir=\"ltr\">\n<div class=\"screen-reader-response\"><p role=\"status\" aria-live=\"polite\" aria-atomic=\"true\"><\/p> <ul><\/ul><\/div>\n<form action=\"\/fr\/wp-json\/wp\/v2\/pages\/2500#wpcf7-f2828-o1\" method=\"post\" class=\"wpcf7-form init\" novalidate=\"novalidate\" data-status=\"init\">\n<div style=\"display: none;\">\n<input type=\"hidden\" name=\"_wpcf7\" value=\"2828\" \/>\n<input type=\"hidden\" name=\"_wpcf7_version\" value=\"5.5.6\" \/>\n<input type=\"hidden\" name=\"_wpcf7_locale\" value=\"fr_FR\" \/>\n<input type=\"hidden\" name=\"_wpcf7_unit_tag\" value=\"wpcf7-f2828-o1\" \/>\n<input type=\"hidden\" name=\"_wpcf7_container_post\" value=\"0\" \/>\n<input type=\"hidden\" name=\"_wpcf7_posted_data_hash\" value=\"\" \/>\n<input type=\"hidden\" name=\"_wpcf7_recaptcha_response\" value=\"\" \/>\n<\/div>\n<p>Votre nom<abbr class=\"required\" title=\"required\">*<\/abbr> <br \/>\n    <span class=\"wpcf7-form-control-wrap your-name\"><input type=\"text\" name=\"your-name\" value=\"\" size=\"40\" class=\"wpcf7-form-control wpcf7-text wpcf7-validates-as-required\" aria-required=\"true\" aria-invalid=\"false\" \/><\/span> <\/p>\n<p>Votre email<abbr class=\"required\" title=\"required\">*<\/abbr> <br \/>\n    <span class=\"wpcf7-form-control-wrap your-email\"><input type=\"email\" name=\"your-email\" value=\"\" size=\"40\" class=\"wpcf7-form-control wpcf7-text wpcf7-email wpcf7-validates-as-required wpcf7-validates-as-email\" aria-required=\"true\" aria-invalid=\"false\" \/><\/span> <\/p>\n<p>Nom de  votre ami<abbr class=\"required\" title=\"required\">*<\/abbr> <br \/>\n    <span class=\"wpcf7-form-control-wrap text-863\"><input type=\"text\" name=\"text-863\" value=\"\" size=\"40\" class=\"wpcf7-form-control wpcf7-text\" aria-invalid=\"false\" \/><\/span> <\/p>\n<p>Email de  votre ami<abbr class=\"required\" title=\"required\">*<\/abbr> <br \/>\n    <span class=\"wpcf7-form-control-wrap email-601\"><input type=\"email\" name=\"email-601\" value=\"\" size=\"40\" class=\"wpcf7-form-control wpcf7-text wpcf7-email wpcf7-validates-as-required wpcf7-validates-as-email\" aria-required=\"true\" aria-invalid=\"false\" \/><\/span> <\/p>\n<p><input type=\"submit\" value=\"Envoyer\" class=\"wpcf7-form-control has-spinner wpcf7-submit\" \/><\/p>\n<div class=\"wpcf7-response-output\" aria-hidden=\"true\"><\/div><\/form><\/div>\n<\/div><\/section><br \/>\n\n<style type=\"text\/css\" data-created_by=\"avia_inline_auto\" id=\"style-css-av-av_textblock-947dee63ef0614bd114f2b0dde479750\">\n#top .av_textblock_section.av-av_textblock-947dee63ef0614bd114f2b0dde479750 .avia_textblock{\nfont-size:16px;\ncolor:#ffffff;\n}\n<\/style>\n<section  class='av_textblock_section av-av_textblock-947dee63ef0614bd114f2b0dde479750'  itemscope=\"itemscope\" itemtype=\"https:\/\/schema.org\/CreativeWork\" ><div class='avia_textblock av_inherit_color'  itemprop=\"text\" ><h5>Merci pour collaborer avec l&rsquo;environnement.<\/h5>\n\n<style type=\"text\/css\" data-created_by=\"avia_inline_auto\" id=\"style-css-av-av_hr-a6de236e6c183bbbd700292deacd2b52\">\n#top .hr.hr-invisible.av-av_hr-a6de236e6c183bbbd700292deacd2b52{\nheight:20px;\n}\n<\/style>\n<div  class='hr av-av_hr-a6de236e6c183bbbd700292deacd2b52 hr-invisible  avia-builder-el-14  avia-builder-el-no-sibling '><span class='hr-inner '><span class=\"hr-inner-style\"><\/span><\/span><\/div>\n<div class=\"av-subheading av-subheading_below \"><\/div>\n<\/div><\/section><br \/>\n\n<style type=\"text\/css\" data-created_by=\"avia_inline_auto\" id=\"style-css-av-av_textblock-100d2a2fd30e34d46683b585c5c3000e\">\n#top .av_textblock_section.av-av_textblock-100d2a2fd30e34d46683b585c5c3000e .avia_textblock{\nfont-size:10px;\ncolor:#ffffff;\n}\n<\/style>\n<section  class='av_textblock_section av-av_textblock-100d2a2fd30e34d46683b585c5c3000e'  itemscope=\"itemscope\" itemtype=\"https:\/\/schema.org\/CreativeWork\" ><div class='avia_textblock av_inherit_color'  itemprop=\"text\" ><p><a href=\"https:\/\/fbo-org.com\/fr\/avis-juridique-sur-les-donnees-recommander-former-a-un-ami\/\"><span style=\"color: #ffffff;\"><em>Avis l\u00e9gal sur les donn\u00e9es remplies dans ce formulaire<\/em><\/span><\/a><\/p>\n<\/div><\/section><\/div>\n","protected":false},"excerpt":{"rendered":"Vous voulez contribuer \u00e0 un meilleur environnement? Ne jetez plus vos cartouches vides, nous les\u00a0r\u00e9cup\u00e9rons. Si elles sont neuves et jamais utilis\u00e9es, nous vous proposons de les\u00a0racheter. Outlet de cartouches originales pleines en\u00a0surstock, nous allons les\u00a0\u00a0vendre. Nous vous aidons ainsi \u00e0 vous mettre en conformit\u00e9 avec les lois environnementales en nous chargeant de la\u00a0gestion\u00a0du traitement. [...]","protected":false},"author":5,"featured_media":0,"parent":0,"menu_order":0,"comment_status":"closed","ping_status":"closed","template":"","meta":[],"_links":{"self":[{"href":"https:\/\/fbo-org.com\/fr\/wp-json\/wp\/v2\/pages\/2500"}],"collection":[{"href":"https:\/\/fbo-org.com\/fr\/wp-json\/wp\/v2\/pages"}],"about":[{"href":"https:\/\/fbo-org.com\/fr\/wp-json\/wp\/v2\/types\/page"}],"author":[{"embeddable":true,"href":"https:\/\/fbo-org.com\/fr\/wp-json\/wp\/v2\/users\/5"}],"replies":[{"embeddable":true,"href":"https:\/\/fbo-org.com\/fr\/wp-json\/wp\/v2\/comments?post=2500"}],"version-history":[{"count":22,"href":"https:\/\/fbo-org.com\/fr\/wp-json\/wp\/v2\/pages\/2500\/revisions"}],"predecessor-version":[{"id":2867,"href":"https:\/\/fbo-org.com\/fr\/wp-json\/wp\/v2\/pages\/2500\/revisions\/2867"}],"wp:attachment":[{"href":"https:\/\/fbo-org.com\/fr\/wp-json\/wp\/v2\/media?parent=2500"}],"curies":[{"name":"wp","href":"https:\/\/api.w.org\/{rel}","templated":true}]}}