{"id":2488,"date":"2015-10-01T14:51:13","date_gmt":"2015-10-01T14:51:13","guid":{"rendered":"http:\/\/fbo-org.com\/aviso-legal\/?lang=fr"},"modified":"2025-07-07T12:22:21","modified_gmt":"2025-07-07T12:22:21","slug":"obligations-legales","status":"publish","type":"page","link":"https:\/\/fbo-org.com\/fr\/obligations-legales\/","title":{"rendered":"Pol\u00edtica de Privacidad"},"content":{"rendered":"\n<style type=\"text\/css\" data-created_by=\"avia_inline_auto\" id=\"style-css-av-av_one_fifth-9497bbf8bff73ea4c6992cc17fa9ec36\">\n.flex_column.av-av_one_fifth-9497bbf8bff73ea4c6992cc17fa9ec36{\nborder-radius:0px 0px 0px 0px;\n-webkit-border-radius:0px 0px 0px 0px;\n-moz-border-radius:0px 0px 0px 0px;\n}\n<\/style>\n<div class='flex_column av-av_one_fifth-9497bbf8bff73ea4c6992cc17fa9ec36 av_one_fifth  avia-builder-el-0  el_before_av_three_fourth  avia-builder-el-first  first flex_column_div av-zero-column-padding '   ><\/div>\n\n<style type=\"text\/css\" data-created_by=\"avia_inline_auto\" id=\"style-css-av-av_three_fourth-9c1d454dc06f7247226bc4e8f931daae\">\n.flex_column.av-av_three_fourth-9c1d454dc06f7247226bc4e8f931daae{\nborder-radius:0px 0px 0px 0px;\n-webkit-border-radius:0px 0px 0px 0px;\n-moz-border-radius:0px 0px 0px 0px;\n}\n<\/style>\n<div class='flex_column av-av_three_fourth-9c1d454dc06f7247226bc4e8f931daae av_three_fourth  avia-builder-el-1  el_after_av_one_fifth  avia-builder-el-last  flex_column_div av-zero-column-padding '   ><p>\n<style type=\"text\/css\" data-created_by=\"avia_inline_auto\" id=\"style-css-av-av_heading-a2ecf4906671000d8cad868270c381d8\">\n#top .av-special-heading.av-av_heading-a2ecf4906671000d8cad868270c381d8{\npadding-bottom:10px;\n}\nbody .av-special-heading.av-av_heading-a2ecf4906671000d8cad868270c381d8 .av-special-heading-tag .heading-char{\nfont-size:25px;\n}\n.av-special-heading.av-av_heading-a2ecf4906671000d8cad868270c381d8 .av-subheading{\nfont-size:15px;\n}\n<\/style>\n<div  class='av-special-heading av-av_heading-a2ecf4906671000d8cad868270c381d8 av-special-heading-h3  avia-builder-el-2  el_before_av_textblock  avia-builder-el-first '><h3 class='av-special-heading-tag'  itemprop=\"headline\"  >POL\u00edTICA  DE  PRIVACIDAD<\/h3><div class=\"special-heading-border\"><div class=\"special-heading-inner-border\"><\/div><\/div><\/div><br \/>\n<section  class='av_textblock_section av-mct2nxry-2a48de51379dcae2959e4974d7426f46'  itemscope=\"itemscope\" itemtype=\"https:\/\/schema.org\/CreativeWork\" ><div class='avia_textblock'  itemprop=\"text\" ><p>A trav\u00e9s del presente aviso, \u00ab\u00a0FBO ORGANISATION, S.L.U.\u00a0\u00bb (en adelante \u00ab\u00a0FBO\u00a0\u00bb), informa a los usuarios de la Web www.fbo -org.com, en cumplimiento del art\u00edculo 5 de la Ley Org\u00e1nica 15\/1999, de 13 de diciembre, de Protecci\u00f3n de Datos, de su pol\u00edtica de protecci\u00f3n de datos personales con la finalidad que \u00e9stos decidan de frma expresa, libre y voluntaria, facilitar a \u00ab\u00a0FBO\u00a0\u00bb los datos personales que les son solicitados motivados por la solicitud de informaci\u00f3n o para la contrataci\u00f3n de las diversas prestaciones de servicios que se ofrecen dentro en el \u00e1mbito de la retirada selectiva de residuos de sistemas de impresi\u00f3n como t\u00f3ner de impresoras l\u00e1ser, ink-jet, etc., y otros servicios relacionados.<\/p>\n<p>Por tanto, se informa a los usuarios que los datos de car\u00e1cter personal facilitados ser\u00e1n incorporados a un fichero, debidamente inscrita en el Registro General de Protecci\u00f3n de Datos, del cual el titular y responsable es \u00ab\u00a0FBO\u00a0\u00bb (CIF: B62530605), con domicilio social en C\/Sant Josep 133-135, Pol. Ind. El Pla, 08980 de Sant Feliu de Llobregat (Barcelona), llevando a cabo un tratamiento con la finalidad de potenciar y mantener la relaci\u00f3n de colaboraci\u00f3n, contractual o negocio que en su caso se establezca, as\u00ed como para recibir informaci\u00f3n publicitaria sobre todos nuestros servicios.<\/p>\n<p>Excepto que espec\u00edficamente se establezca lo contrario, se considera necesario completar todos los datos requeridos en el formularia o impresa an\u00e1logo de forma verdadera, exacta, completa y actualizada. En caso contrario, \u00ab\u00a0FBO\u00a0\u00bb podr\u00e1, dependiendo del caso, no proceder al registro del usuario, o bien denegar el servicio concreto solicitado.<\/p>\n<p>De la misma manera, de conformidad con lo que se establece en la Ley de protecci\u00f3n de datos, el usuario puede ejercer sus derechos de acceso, rectificaci\u00f3n, cancelaci\u00f3n y oposici\u00f3n, dirigiendo una comunicaci\u00f3n escrita a \u00ab\u00a0FBO\u00a0\u00bb, C\/Sant Josep 133-135, Pol. Ind. El Pla, 08980 de Sant Feliu de Llobregat (Barcelona), en la que acredite su identidad. La solicitud deber\u00e1 contener nombre, apellidos y fotocopia del DNI del interesado o de su representante legal, as\u00ed como documento acreditativo de la representaci\u00f3n, petici\u00f3n en la que se concrete la solicitud, domicilio a efectos de notificaciones, fecha y firma del solicitante y documentos acreditativos de la petici\u00f3n que formula. Si la solicitud no re\u00fane los requisitos especificados se requerir\u00e1 su subsanaci\u00f3n. Respecto al derecho de acceso, \u00fanicamente se denegar\u00e1 cuando la solicitud no cumpla los requisitos anteriormente citados y no se acredite ning\u00fan inter\u00e9s leg\u00edtimo al efecto. No se exigir\u00e1 ninguna contraprestaci\u00f3n por el ejercicio de los derechos.<\/p>\n<p>No se podr\u00e1n atender las solicitudes respecto del ejercicio del derecho de cancelaci\u00f3n de datos identificativos de los usuarios mientras \u00e9stos se mantengan su relaci\u00f3n con \u00ab\u00a0FBO\u00a0\u00bb. No obstante, los usuarios pueden oponerse al tratamiento de sus datos respecto a la recepci\u00f3n de informaci\u00f3n de nuestros productos y servicios.<\/p>\n<p>\u00ab\u00a0FBO\u00a0\u00bb ha adoptada las medidas de \u00edndole t\u00e9cnica y organizativa necesarias para garantizar la seguridad de los datos y evitar su alteraci\u00f3n, p\u00e9rdida, tratamiento o acceso no autorizado, teniendo en cuenta el estado de la tecnolog\u00eda, la naturaleza de los datos almacenados y los riesgos a que se encuentran expuestos, ya provengan de la acci\u00f3n humana o del medio f\u00edsico o natural. Se han adoptada las medidas de \u00edndole t\u00e9cnicas y organizativas que persiguen alcanzar los objetivos b\u00e1sicos en materia de seguridad, como son: la confidencialidad, entendida como la limitaci\u00f3n de acceso a la informaci\u00f3n por personas no autorizadas; la integridad, entendida como el mantenimiento de la informaci\u00f3n fiable y con calidad, y la disponibilidad, entendida como la garant\u00eda de acceso al sistema de informaci\u00f3n por la solicitud de un usuario autorizado.<\/p>\n<p>En cumplimiento de la Ley 34\/ 2002 de 11 de julio de Servicios de la Informaci\u00f3n y del Comercio Electr\u00f3nico y de las modificaciones en ella introducidas por la Ley 32\/2003 de 3 de noviembre, General de Telecomunicaciones, se advierte que la aceptaci\u00f3n de la presente cl\u00e1usula implica, adem\u00e1s, su consentimiento para recibir comunicaciones sobre nuestros servicios y productos, as\u00ed como comunicaciones de distinta naturaleza que no sean incompatibles. En todo momento el usuario puede oponerse al tratamiento de sus datos para \u00e9stas finalidades y revocar el consentimiento prestado, siendo suficiente dirigir una comunicaci\u00f3n escrita a \u00ab\u00a0FBO\u00a0\u00bb, C\/Sant Josep 133-135, Pol. Ind. El Pla, 08980 de Sant Feliu de Llobregat (Barcelona) o por correo electr\u00f3nico a la direcci\u00f3n electr\u00f3nica fbo@fbo\u00ad-org.com, indicando en el asunto del correo \u00ab\u00a0DAR DE BAJA\u00a0\u00bb.<\/p>\n<p>La Web de \u00ab\u00a0FBO\u00a0\u00bb contiene enlaces a otras p\u00e1ginas Web que puedan resultar de inter\u00e9s para los usuarios. \u00ab\u00a0FBO\u00a0\u00bb no asume ninguna responsabilidad sobre estos enlaces, sin que se pueda dar ninguna garant\u00eda en el cumplimiento de pol\u00edticas de privacidad adecuadas, por lo que el usuario accede al contenido de las referidas p\u00e1ginas Web en las condiciones de uso que se fijen en las mismas y bajo su exclusiva responsabilidad.<\/p>\n<p>Los usuarios que tengan alguna duda, cuesti\u00f3n o recomendaci\u00f3n sobre nuestra Pol\u00edtica de Privacidad, pueden dirigirse a trav\u00e9s de correo electr\u00f3nico a la siguiente direcci\u00f3n: fbo@fbo-org.com.<\/p>\n<p><strong>FBO ORGANISATION, S.L.U.<\/strong><br \/>\n<em>Todos los derechos reservados<\/em><\/p>\n<\/div><\/section><\/div>\n","protected":false},"excerpt":{"rendered":"POL\u00edTICA DE PRIVACIDAD A trav\u00e9s del presente aviso, \"FBO ORGANISATION, S.L.U.\" (en adelante \"FBO\"), informa a los usuarios de la Web www.fbo -org.com, en cumplimiento del art\u00edculo 5 de la Ley Org\u00e1nica 15\/1999, de 13 de diciembre, de Protecci\u00f3n de Datos, de su pol\u00edtica de protecci\u00f3n de datos personales con la finalidad que \u00e9stos decidan [...]","protected":false},"author":5,"featured_media":0,"parent":0,"menu_order":0,"comment_status":"closed","ping_status":"closed","template":"","meta":[],"_links":{"self":[{"href":"https:\/\/fbo-org.com\/fr\/wp-json\/wp\/v2\/pages\/2488"}],"collection":[{"href":"https:\/\/fbo-org.com\/fr\/wp-json\/wp\/v2\/pages"}],"about":[{"href":"https:\/\/fbo-org.com\/fr\/wp-json\/wp\/v2\/types\/page"}],"author":[{"embeddable":true,"href":"https:\/\/fbo-org.com\/fr\/wp-json\/wp\/v2\/users\/5"}],"replies":[{"embeddable":true,"href":"https:\/\/fbo-org.com\/fr\/wp-json\/wp\/v2\/comments?post=2488"}],"version-history":[{"count":3,"href":"https:\/\/fbo-org.com\/fr\/wp-json\/wp\/v2\/pages\/2488\/revisions"}],"predecessor-version":[{"id":3013,"href":"https:\/\/fbo-org.com\/fr\/wp-json\/wp\/v2\/pages\/2488\/revisions\/3013"}],"wp:attachment":[{"href":"https:\/\/fbo-org.com\/fr\/wp-json\/wp\/v2\/media?parent=2488"}],"curies":[{"name":"wp","href":"https:\/\/api.w.org\/{rel}","templated":true}]}}