{"id":2432,"date":"2015-10-01T14:53:03","date_gmt":"2015-10-01T14:53:03","guid":{"rendered":"http:\/\/fbo-org.com\/contacto\/?lang=fr"},"modified":"2025-07-07T10:09:16","modified_gmt":"2025-07-07T10:09:16","slug":"contactez-nous","status":"publish","type":"page","link":"https:\/\/fbo-org.com\/fr\/contactez-nous\/","title":{"rendered":"Contactez-nous"},"content":{"rendered":"\n<style type=\"text\/css\" data-created_by=\"avia_inline_auto\" id=\"style-css-av-av_section-bf6b4c3df4b085a1f2b21f7838272951\">\n.avia-section.av-av_section-bf6b4c3df4b085a1f2b21f7838272951{\nbackground-color:#f6921e;\nbackground-repeat:no-repeat;\nbackground-image:url(https:\/\/fbo-org.com\/wp-content\/uploads\/2015\/10\/fondo-contacto-fbo2.jpg);\nbackground-position:50% 0%;\nbackground-attachment:fixed;\n}\n.avia-section.av-av_section-bf6b4c3df4b085a1f2b21f7838272951 .av-extra-border-element .av-extra-border-inner{\nbackground-color:#f6921e;\n}\n<\/style>\n<div id='av_section_1'  class='avia-section av-av_section-bf6b4c3df4b085a1f2b21f7838272951 main_color avia-section-default avia-no-border-styling  avia-builder-el-0  el_before_av_layout_row  avia-builder-el-first  avia-bg-style-fixed av-arrow-down-section container_wrap fullsize'  data-section-bg-repeat='no-repeat'><div class=\"av-section-color-overlay-wrap\"><a href='#next-section' title='' class='scroll-down-link ' aria-hidden='true' data-av_icon='\ue877' data-av_iconfont='entypo-fontello'><\/a><div class='container av-section-cont-open' ><main  role=\"main\" itemprop=\"mainContentOfPage\"  class='template-page content  av-content-full alpha units'><div class='post-entry post-entry-type-page post-entry-2432'><div class='entry-content-wrapper clearfix'>\n\n<style type=\"text\/css\" data-created_by=\"avia_inline_auto\" id=\"style-css-av-av_one_half-7443aee80057148dab25e452482871ba\">\n.flex_column.av-av_one_half-7443aee80057148dab25e452482871ba{\nborder-radius:0px 0px 20% 0px;\n-webkit-border-radius:0px 0px 20% 0px;\n-moz-border-radius:0px 0px 20% 0px;\npadding:2% 2% 2% 2%;\nbackground-color:rgba(201,211,0,0.54);\n}\n<\/style>\n<div class='flex_column av-av_one_half-7443aee80057148dab25e452482871ba av_one_half  avia-builder-el-1  avia-builder-el-no-sibling  first flex_column_div  av-animated-generic right-to-left '   ><p>\n<style type=\"text\/css\" data-created_by=\"avia_inline_auto\" id=\"style-css-av-av_hr-a6de236e6c183bbbd700292deacd2b52\">\n#top .hr.hr-invisible.av-av_hr-a6de236e6c183bbbd700292deacd2b52{\nheight:20px;\n}\n<\/style>\n<div  class='hr av-av_hr-a6de236e6c183bbbd700292deacd2b52 hr-invisible  avia-builder-el-2  el_before_av_textblock  avia-builder-el-first '><span class='hr-inner '><span class=\"hr-inner-style\"><\/span><\/span><\/div><br \/>\n\n<style type=\"text\/css\" data-created_by=\"avia_inline_auto\" id=\"style-css-av-av_textblock-947dee63ef0614bd114f2b0dde479750\">\n#top .av_textblock_section.av-av_textblock-947dee63ef0614bd114f2b0dde479750 .avia_textblock{\nfont-size:16px;\ncolor:#ffffff;\n}\n<\/style>\n<section  class='av_textblock_section av-av_textblock-947dee63ef0614bd114f2b0dde479750'  itemscope=\"itemscope\" itemtype=\"https:\/\/schema.org\/CreativeWork\" ><div class='avia_textblock av_inherit_color'  itemprop=\"text\" ><h3 style=\"padding-left: 30px;\">Vous voulez contribuer \u00e0 un meilleur environnement?<\/h3>\n<div class=\"av-subheading av-subheading_below \">\n<p style=\"padding-left: 30px;\">\n<style type=\"text\/css\" data-created_by=\"avia_inline_auto\" id=\"style-css-av-av_font_icon-eb273aaad8c43db555b07abbc943972a\">\n.av_font_icon.av-av_font_icon-eb273aaad8c43db555b07abbc943972a .av-icon-char{\nfont-size:45px;\nline-height:45px;\n}\n<\/style>\n<span  class='av_font_icon av-av_font_icon-eb273aaad8c43db555b07abbc943972a avia_animate_when_visible av-icon-style- avia-icon-pos-left av-no-color avia-icon-animate'><a href='https:\/\/fbo-org.com\/que-hacemos\/recogemos-sus-cartuchos-vacios-de-impresoras\/'  class='av-icon-char' aria-hidden='true' data-av_icon='\ue02e' data-av_iconfont='linecons' ><\/a><\/span>Ne jetez plus vos cartouches vides, nous les\u00a0<strong><a href=\"http:\/\/fbo-org.com\/fr\/que-hacemos\/nous-recuperons-vos-cartouches-vides-dimprimante\/\"><strong>r\u00e9cup\u00e9rons<\/strong><\/a><\/strong>.<div class=\"ctsc-spacer  \" style=\"height:1px\"><\/div>\n<p style=\"padding-left: 30px;\">\n<style type=\"text\/css\" data-created_by=\"avia_inline_auto\" id=\"style-css-av-av_font_icon-d8a8a56ae713213fe2ae9f441c669e6d\">\n.av_font_icon.av-av_font_icon-d8a8a56ae713213fe2ae9f441c669e6d .av-icon-char{\nfont-size:55px;\nline-height:55px;\n}\n<\/style>\n<span  class='av_font_icon av-av_font_icon-d8a8a56ae713213fe2ae9f441c669e6d avia_animate_when_visible av-icon-style- avia-icon-pos-left av-no-color avia-icon-animate'><a href='https:\/\/fbo-org.com\/que-hacemos\/compramos-sus-cartuchos-originales-sin-usar\/'  class='av-icon-char' aria-hidden='true' data-av_icon='\ue82b' data-av_iconfont='entypo-fontello' ><\/a><\/span>Si elles sont neuves et jamais utilis\u00e9es, nous vous proposons de les\u00a0<a href=\"http:\/\/fbo-org.com\/fr\/que-hacemos\/nous-rachetons-vos-cartouches-neuves-originales-non-utilisees\/\"><strong>racheter<\/strong><\/a>.<div class=\"ctsc-spacer  \" style=\"height:2px\"><\/div>\n<p style=\"padding-left: 30px;\">\n<style type=\"text\/css\" data-created_by=\"avia_inline_auto\" id=\"style-css-av-av_font_icon-c41c379f38cb395e5ed18545b062a483\">\n.av_font_icon.av-av_font_icon-c41c379f38cb395e5ed18545b062a483 .av-icon-char{\nfont-size:45px;\nline-height:45px;\n}\n<\/style>\n<span  class='av_font_icon av-av_font_icon-c41c379f38cb395e5ed18545b062a483 avia_animate_when_visible av-icon-style- avia-icon-pos-left av-no-color avia-icon-animate'><a href='https:\/\/fbo-org.com\/que-hacemos\/compramos-sus-cartuchos-originales-sin-usar\/'  class='av-icon-char' aria-hidden='true' data-av_icon='\ue859' data-av_iconfont='entypo-fontello' ><\/a><\/span>Outlet de cartouches originales pleines en\u00a0surstock, nous allons les\u00a0\u00a0<a href=\"http:\/\/fbo-org.com\/fr\/que-hacemos\/nous-vendons-outlet-de-cartouches-originales\/\"><strong>vendre<\/strong><\/a>.<div class=\"ctsc-spacer  \" style=\"height:1px\"><\/div>\n<p style=\"padding-left: 30px;\">\n<style type=\"text\/css\" data-created_by=\"avia_inline_auto\" id=\"style-css-av-av_font_icon-4d873c8cbc64fcc500c2e4b5f30751cb\">\n.av_font_icon.av-av_font_icon-4d873c8cbc64fcc500c2e4b5f30751cb .av-icon-char{\nfont-size:58px;\nline-height:58px;\n}\n<\/style>\n<span  class='av_font_icon av-av_font_icon-4d873c8cbc64fcc500c2e4b5f30751cb avia_animate_when_visible av-icon-style- avia-icon-pos-left av-no-color avia-icon-animate'><a href='https:\/\/fbo-org.com\/que-hacemos\/gestion-de-residuos-para-las-empresas\/'  class='av-icon-char' aria-hidden='true' data-av_icon='\ue84b' data-av_iconfont='entypo-fontello' ><\/a><\/span>Nous vous aidons ainsi \u00e0 vous mettre en conformit\u00e9 avec les lois environnementales en nous chargeant de la\u00a0<strong><a href=\"http:\/\/fbo-org.com\/fr\/que-hacemos\/gestion-des-dechets-pour-les-enterprises\/\">gestion<\/a><\/strong>\u00a0du traitement.<\/p>\n<\/div>\n<div class=\"av-subheading av-subheading_below \"><\/div>\n<\/div><\/section><br \/>\n\n<style type=\"text\/css\" data-created_by=\"avia_inline_auto\" id=\"style-css-av-av_hr-a6de236e6c183bbbd700292deacd2b52\">\n#top .hr.hr-invisible.av-av_hr-a6de236e6c183bbbd700292deacd2b52{\nheight:20px;\n}\n<\/style>\n<div  class='hr av-av_hr-a6de236e6c183bbbd700292deacd2b52 hr-invisible  avia-builder-el-8  el_after_av_textblock  avia-builder-el-last '><span class='hr-inner '><span class=\"hr-inner-style\"><\/span><\/span><\/div><\/div>\n\n<\/div><\/div><\/main><!-- close content main element --><\/div><div class='av-extra-border-element border-extra-arrow-down'><div class='av-extra-border-outer'><div class='av-extra-border-inner'><\/div><\/div><\/div><\/div><\/div><div id='av-layout-grid-1'  class='av-layout-grid-container av-av_layout_row-8b19f5a87408912de0131b21887249b2 entry-content-wrapper main_color av-fixed-cells  avia-builder-el-9  el_after_av_section  avia-builder-el-last  grid-row-not-first  container_wrap fullsize'  >\n\n<style type=\"text\/css\" data-created_by=\"avia_inline_auto\" id=\"style-css-av-av_cell_one_half-578f4dec1011c4735bc4f42b5fc73143\">\n.flex_cell.av-av_cell_one_half-578f4dec1011c4735bc4f42b5fc73143{\nvertical-align:middle;\npadding:40px 30px 0px 30px;\nbackground:url(https:\/\/fbo-org.com\/wp-content\/uploads\/2015\/10\/fondo-azul.jpg) 50% 0% no-repeat fixed #36b4db;\n}\n<\/style>\n<div class='flex_cell av_one_half av-av_cell_one_half-578f4dec1011c4735bc4f42b5fc73143 no_margin  avia-builder-el-10  el_before_av_cell_one_half  avia-builder-el-first ' ><div class='flex_cell_inner'>\n<style type=\"text\/css\" data-created_by=\"avia_inline_auto\" id=\"style-css-av-av_textblock-0dc968ffb61b8be9b0c498ae08801168\">\n#top .av_textblock_section.av-av_textblock-0dc968ffb61b8be9b0c498ae08801168 .avia_textblock{\nfont-size:14px;\n}\n<\/style>\n<section  class='av_textblock_section av-av_textblock-0dc968ffb61b8be9b0c498ae08801168'  itemscope=\"itemscope\" itemtype=\"https:\/\/schema.org\/CreativeWork\" ><div class='avia_textblock'  itemprop=\"text\" ><h3><img loading=\"lazy\" class=\"alignleft wp-image-1142 size-square\" src=\"http:\/\/fbo-org.com\/wp-content\/uploads\/2015\/10\/vacios-inkjet-para-recuperacion1-180x180.jpg\" alt=\"FBO le atenderemos a su llamada telef\u00f3nica\" width=\"180\" height=\"180\" srcset=\"https:\/\/fbo-org.com\/wp-content\/uploads\/2015\/10\/vacios-inkjet-para-recuperacion1-180x180.jpg 180w, https:\/\/fbo-org.com\/wp-content\/uploads\/2015\/10\/vacios-inkjet-para-recuperacion1-80x80.jpg 80w, https:\/\/fbo-org.com\/wp-content\/uploads\/2015\/10\/vacios-inkjet-para-recuperacion1-300x300.jpg 300w, https:\/\/fbo-org.com\/wp-content\/uploads\/2015\/10\/vacios-inkjet-para-recuperacion1-36x36.jpg 36w, https:\/\/fbo-org.com\/wp-content\/uploads\/2015\/10\/vacios-inkjet-para-recuperacion1-120x120.jpg 120w, https:\/\/fbo-org.com\/wp-content\/uploads\/2015\/10\/vacios-inkjet-para-recuperacion1.jpg 350w\" sizes=\"(max-width: 180px) 100vw, 180px\" \/>Contactez-nous<\/h3>\n<p>FBO est \u00e0 votre disposition pour r\u00e9pondre \u00e0 vos questions.<\/p>\n<p>Remplissez notre formulaire et renvoyez-le par e-mail ou appelez-nous.<\/p>\n<h3><\/h3>\n<div class=\"av-subheading av-subheading_below \"><\/div>\n<\/div><\/section><br \/>\n\n<style type=\"text\/css\" data-created_by=\"avia_inline_auto\" id=\"style-css-av-av_hr-ee2847e2e025ce3d30801259a03f9fd4\">\n#top .hr.hr-invisible.av-av_hr-ee2847e2e025ce3d30801259a03f9fd4{\nheight:10px;\n}\n<\/style>\n<div  class='hr av-av_hr-ee2847e2e025ce3d30801259a03f9fd4 hr-invisible  avia-builder-el-12  el_after_av_textblock  el_before_av_textblock '><span class='hr-inner '><span class=\"hr-inner-style\"><\/span><\/span><\/div><br \/>\n<section  class='av_textblock_section av-av_textblock-0366cc7376be6c9e82a3e9cc8987b64f'  itemscope=\"itemscope\" itemtype=\"https:\/\/schema.org\/CreativeWork\" ><div class='avia_textblock'  itemprop=\"text\" ><div role=\"form\" class=\"wpcf7\" id=\"wpcf7-f2829-o1\" lang=\"fr-FR\" dir=\"ltr\">\n<div class=\"screen-reader-response\"><p role=\"status\" aria-live=\"polite\" aria-atomic=\"true\"><\/p> <ul><\/ul><\/div>\n<form action=\"\/fr\/wp-json\/wp\/v2\/pages\/2432#wpcf7-f2829-o1\" method=\"post\" class=\"wpcf7-form init\" novalidate=\"novalidate\" data-status=\"init\">\n<div style=\"display: none;\">\n<input type=\"hidden\" name=\"_wpcf7\" value=\"2829\" \/>\n<input type=\"hidden\" name=\"_wpcf7_version\" value=\"5.5.6\" \/>\n<input type=\"hidden\" name=\"_wpcf7_locale\" value=\"fr_FR\" \/>\n<input type=\"hidden\" name=\"_wpcf7_unit_tag\" value=\"wpcf7-f2829-o1\" \/>\n<input type=\"hidden\" name=\"_wpcf7_container_post\" value=\"0\" \/>\n<input type=\"hidden\" name=\"_wpcf7_posted_data_hash\" value=\"\" \/>\n<input type=\"hidden\" name=\"_wpcf7_recaptcha_response\" value=\"\" \/>\n<\/div>\n<p>Nom<abbr class=\"required\" title=\"required\">*<\/abbr> <br \/>\n    <span class=\"wpcf7-form-control-wrap your-name\"><input type=\"text\" name=\"your-name\" value=\"\" size=\"40\" class=\"wpcf7-form-control wpcf7-text wpcf7-validates-as-required\" aria-required=\"true\" aria-invalid=\"false\" \/><\/span> <\/p>\n<p>Entreprise <br \/>\n    <span class=\"wpcf7-form-control-wrap company\"><input type=\"text\" name=\"company\" value=\"\" size=\"40\" class=\"wpcf7-form-control wpcf7-text\" aria-invalid=\"false\" \/><\/span> <\/p>\n<p><span class=\"wpcf7-form-control-wrap checkbox-388\"><span class=\"wpcf7-form-control wpcf7-checkbox\"><span class=\"wpcf7-list-item first last\"><input type=\"checkbox\" name=\"checkbox-388[]\" value=\"Particulier\" \/><span class=\"wpcf7-list-item-label\">Particulier<\/span><\/span><\/span><\/span> <\/p>\n<p>E-mail<abbr class=\"required\" title=\"required\">*<\/abbr> <br \/>\n    <span class=\"wpcf7-form-control-wrap your-email\"><input type=\"email\" name=\"your-email\" value=\"\" size=\"40\" class=\"wpcf7-form-control wpcf7-text wpcf7-email wpcf7-validates-as-required wpcf7-validates-as-email\" aria-required=\"true\" aria-invalid=\"false\" \/><\/span> <\/p>\n<p>T\u00e9l\u00e9phone<br \/>\n    <span class=\"wpcf7-form-control-wrap yourphone\"><input type=\"tel\" name=\"yourphone\" value=\"\" size=\"40\" class=\"wpcf7-form-control wpcf7-text wpcf7-tel wpcf7-validates-as-tel\" aria-invalid=\"false\" \/><\/span> <\/p>\n<p>Sujet<br \/>\n    <span class=\"wpcf7-form-control-wrap your-subject\"><input type=\"text\" name=\"your-subject\" value=\"\" size=\"40\" class=\"wpcf7-form-control wpcf7-text\" aria-invalid=\"false\" \/><\/span> <\/p>\n<p>Message<br \/>\n    <span class=\"wpcf7-form-control-wrap your-message\"><textarea name=\"your-message\" cols=\"40\" rows=\"10\" class=\"wpcf7-form-control wpcf7-textarea\" aria-invalid=\"false\"><\/textarea><\/span> <\/p>\n<p><em><a href=\"http:\/\/fbo-org.com\/fr\/avis-juridique-sur-les-donnees\/\">Avis juridique sur les donn\u00e9es<\/a><\/em> <\/p>\n<p><input type=\"submit\" value=\"Envoyer\" class=\"wpcf7-form-control has-spinner wpcf7-submit\" \/><\/p>\n<div class=\"wpcf7-response-output\" aria-hidden=\"true\"><\/div><\/form><\/div>\n<\/div><\/section>\n<\/div><\/div>\n<style type=\"text\/css\" data-created_by=\"avia_inline_auto\" id=\"style-css-av-av_cell_one_half-e3ab515fe19d166dd0739aab6b478fca\">\n.flex_cell.av-av_cell_one_half-e3ab515fe19d166dd0739aab6b478fca{\nvertical-align:top;\npadding:40px 30px 0px 70px;\nbackground:url(https:\/\/fbo-org.com\/wp-content\/uploads\/2015\/10\/fondo-azul.jpg) 50% 0% no-repeat fixed #cbd32a;\n}\n<\/style>\n<div class='flex_cell av_one_half av-av_cell_one_half-e3ab515fe19d166dd0739aab6b478fca no_margin  avia-builder-el-14  el_after_av_cell_one_half  avia-builder-el-last ' ><div class='flex_cell_inner'><p>\n<style type=\"text\/css\" data-created_by=\"avia_inline_auto\" id=\"style-css-av-av_hr-a6de236e6c183bbbd700292deacd2b52\">\n#top .hr.hr-invisible.av-av_hr-a6de236e6c183bbbd700292deacd2b52{\nheight:20px;\n}\n<\/style>\n<div  class='hr av-av_hr-a6de236e6c183bbbd700292deacd2b52 hr-invisible  avia-builder-el-15  el_before_av_image  avia-builder-el-first '><span class='hr-inner '><span class=\"hr-inner-style\"><\/span><\/span><\/div><br \/>\n\n<style type=\"text\/css\" data-created_by=\"avia_inline_auto\" id=\"style-css-av-av_image-4f22ef8030534053f1ed5656d5b0c255\">\n.avia-image-container.av-av_image-4f22ef8030534053f1ed5656d5b0c255 .av-image-caption-overlay-center{\ncolor:#ffffff;\nfont-size:30px;\n}\n<\/style>\n<div  class='avia-image-container av-av_image-4f22ef8030534053f1ed5656d5b0c255 av-styling- avia_animated_image avia_animate_when_almost_visible pop-up avia-align-center  avia-builder-el-16  el_after_av_hr  el_before_av_hr '  itemprop=\"image\" itemscope=\"itemscope\" itemtype=\"https:\/\/schema.org\/ImageObject\" ><div class=\"avia-image-container-inner\"><div class=\"avia-image-overlay-wrap\"><img class='wp-image-1815 avia-img-lazy-loading-not-1815 avia_image' src=\"https:\/\/fbo-org.com\/wp-content\/uploads\/2015\/10\/fbo-organisation-instalaciones.jpg\" alt='' title='FBO ORGANISATION, instalaciones en Sant Feliu de Llobregat'  height=\"369\" width=\"960\"  itemprop=\"thumbnailUrl\" srcset=\"https:\/\/fbo-org.com\/wp-content\/uploads\/2015\/10\/fbo-organisation-instalaciones.jpg 960w, https:\/\/fbo-org.com\/wp-content\/uploads\/2015\/10\/fbo-organisation-instalaciones-300x115.jpg 300w, https:\/\/fbo-org.com\/wp-content\/uploads\/2015\/10\/fbo-organisation-instalaciones-768x295.jpg 768w, https:\/\/fbo-org.com\/wp-content\/uploads\/2015\/10\/fbo-organisation-instalaciones-705x271.jpg 705w, https:\/\/fbo-org.com\/wp-content\/uploads\/2015\/10\/fbo-organisation-instalaciones-450x173.jpg 450w\" sizes=\"(max-width: 960px) 100vw, 960px\" \/><\/div><\/div><\/div><br \/>\n\n<style type=\"text\/css\" data-created_by=\"avia_inline_auto\" id=\"style-css-av-av_hr-a6de236e6c183bbbd700292deacd2b52\">\n#top .hr.hr-invisible.av-av_hr-a6de236e6c183bbbd700292deacd2b52{\nheight:20px;\n}\n<\/style>\n<div  class='hr av-av_hr-a6de236e6c183bbbd700292deacd2b52 hr-invisible  avia-builder-el-17  el_after_av_image  el_before_av_textblock '><span class='hr-inner '><span class=\"hr-inner-style\"><\/span><\/span><\/div><br \/>\n\n<style type=\"text\/css\" data-created_by=\"avia_inline_auto\" id=\"style-css-av-mcsxpwjh-5ce90c4c023daf65c71b7f04acb0fa50\">\n#top .av_textblock_section.av-mcsxpwjh-5ce90c4c023daf65c71b7f04acb0fa50 .avia_textblock{\nfont-size:14px;\n}\n<\/style>\n<section  class='av_textblock_section av-mcsxpwjh-5ce90c4c023daf65c71b7f04acb0fa50'  itemscope=\"itemscope\" itemtype=\"https:\/\/schema.org\/CreativeWork\" ><div class='avia_textblock'  itemprop=\"text\" ><h3 style=\"padding-left: 60px;\">FBO ORGANISATION, S.L.U.<\/h3>\n<div class=\"av-subheading av-subheading_below \">\n<div class=\"textwidget\">\n<p style=\"padding-left: 30px;\">\n<style type=\"text\/css\" data-created_by=\"avia_inline_auto\" id=\"style-css-av-av_font_icon-f740bb457835a3d7fb5819a2e2f064ba\">\n.av_font_icon.av-av_font_icon-f740bb457835a3d7fb5819a2e2f064ba .av-icon-char{\nfont-size:20px;\nline-height:20px;\n}\n<\/style>\n<span  class='av_font_icon av-av_font_icon-f740bb457835a3d7fb5819a2e2f064ba avia_animate_when_visible av-icon-style- avia-icon-pos-left av-no-color avia-icon-animate'><span class='av-icon-char' aria-hidden='true' data-av_icon='\uf015' data-av_iconfont='fontawesomeregular' ><\/span><\/span>C\/Sant Josep, 133-135 &#8211; Pol. Ind. El Pl\u00e0<br \/>\n08980 Sant Feliu de Lobregat (Barcelona) Spain<\/p>\n<p style=\"padding-left: 30px;\">\n<style type=\"text\/css\" data-created_by=\"avia_inline_auto\" id=\"style-css-av-av_font_icon-e4eb4a2291daea55b8cdb2fb7a14b579\">\n.av_font_icon.av-av_font_icon-e4eb4a2291daea55b8cdb2fb7a14b579 .av-icon-char{\nfont-size:20px;\nline-height:20px;\n}\n<\/style>\n<span  class='av_font_icon av-av_font_icon-e4eb4a2291daea55b8cdb2fb7a14b579 avia_animate_when_visible av-icon-style- avia-icon-pos-left av-no-color avia-icon-animate'><span class='av-icon-char' aria-hidden='true' data-av_icon='\ue854' data-av_iconfont='entypo-fontello' ><\/span><\/span> +34 936 724 853<\/p>\n<p style=\"padding-left: 30px;\">\n<style type=\"text\/css\" data-created_by=\"avia_inline_auto\" id=\"style-css-av-av_font_icon-a28f42562fafcf081d7a4a892adb87e0\">\n.av_font_icon.av-av_font_icon-a28f42562fafcf081d7a4a892adb87e0 .av-icon-char{\nfont-size:20px;\nline-height:20px;\n}\n<\/style>\n<span  class='av_font_icon av-av_font_icon-a28f42562fafcf081d7a4a892adb87e0 avia_animate_when_visible av-icon-style- avia-icon-pos-left av-no-color avia-icon-animate'><span class='av-icon-char' aria-hidden='true' data-av_icon='\ue838' data-av_iconfont='entypo-fontello' ><\/span><\/span> +34 936 724 863<\/p>\n<p style=\"padding-left: 30px;\">\n<style type=\"text\/css\" data-created_by=\"avia_inline_auto\" id=\"style-css-av-av_font_icon-1926d87e7481f5458c9c712a3c081021\">\n.av_font_icon.av-av_font_icon-1926d87e7481f5458c9c712a3c081021 .av-icon-char{\nfont-size:20px;\nline-height:20px;\n}\n<\/style>\n<span  class='av_font_icon av-av_font_icon-1926d87e7481f5458c9c712a3c081021 avia_animate_when_visible av-icon-style- avia-icon-pos-left av-no-color avia-icon-animate'><span class='av-icon-char' aria-hidden='true' data-av_icon='\ue805' data-av_iconfont='entypo-fontello' ><\/span><\/span>\u00a0<a href=\"mailto:fbo@fbo-org.com\">fbo@fbo-org.com<\/a><\/p>\n<\/div>\n<\/div>\n<div class=\"av-subheading av-subheading_below \"><\/div>\n<\/div><\/section><br \/>\n\n<style type=\"text\/css\" data-created_by=\"avia_inline_auto\" id=\"style-css-av-av_hr-c9ba6ccf0e28539cef079a4b419f7f68\">\n#top .hr.hr-invisible.av-av_hr-c9ba6ccf0e28539cef079a4b419f7f68{\nheight:25px;\n}\n<\/style>\n<div  class='hr av-av_hr-c9ba6ccf0e28539cef079a4b419f7f68 hr-invisible  avia-builder-el-23  el_after_av_textblock  el_before_av_google_map  avia-builder-el-last '><span class='hr-inner '><span class=\"hr-inner-style\"><\/span><\/span><\/div><br \/>\n<\/p>\n<\/div><\/div><\/div>\n","protected":false},"excerpt":{"rendered":"Vous voulez contribuer \u00e0 un meilleur environnement? Ne jetez plus vos cartouches vides, nous les\u00a0r\u00e9cup\u00e9rons. Si elles sont neuves et jamais utilis\u00e9es, nous vous proposons de les\u00a0racheter. Outlet de cartouches originales pleines en\u00a0surstock, nous allons les\u00a0\u00a0vendre. Nous vous aidons ainsi \u00e0 vous mettre en conformit\u00e9 avec les lois environnementales en nous chargeant de la\u00a0gestion\u00a0du traitement. [...]","protected":false},"author":5,"featured_media":0,"parent":0,"menu_order":0,"comment_status":"closed","ping_status":"closed","template":"","meta":[],"_links":{"self":[{"href":"https:\/\/fbo-org.com\/fr\/wp-json\/wp\/v2\/pages\/2432"}],"collection":[{"href":"https:\/\/fbo-org.com\/fr\/wp-json\/wp\/v2\/pages"}],"about":[{"href":"https:\/\/fbo-org.com\/fr\/wp-json\/wp\/v2\/types\/page"}],"author":[{"embeddable":true,"href":"https:\/\/fbo-org.com\/fr\/wp-json\/wp\/v2\/users\/5"}],"replies":[{"embeddable":true,"href":"https:\/\/fbo-org.com\/fr\/wp-json\/wp\/v2\/comments?post=2432"}],"version-history":[{"count":44,"href":"https:\/\/fbo-org.com\/fr\/wp-json\/wp\/v2\/pages\/2432\/revisions"}],"predecessor-version":[{"id":2992,"href":"https:\/\/fbo-org.com\/fr\/wp-json\/wp\/v2\/pages\/2432\/revisions\/2992"}],"wp:attachment":[{"href":"https:\/\/fbo-org.com\/fr\/wp-json\/wp\/v2\/media?parent=2432"}],"curies":[{"name":"wp","href":"https:\/\/api.w.org\/{rel}","templated":true}]}}