{"id":2416,"date":"2015-12-21T10:38:16","date_gmt":"2015-12-21T10:38:16","guid":{"rendered":"http:\/\/fbo-org.com\/aviso-legal-sobre-recogida-de-datos\/?lang=fr"},"modified":"2016-07-13T09:56:50","modified_gmt":"2016-07-13T09:56:50","slug":"avis-juridique-sur-la-collecte-de-donnees","status":"publish","type":"page","link":"https:\/\/fbo-org.com\/fr\/avis-juridique-sur-la-collecte-de-donnees\/","title":{"rendered":"Avis juridique sur la collecte de donn\u00e9es"},"content":{"rendered":"\n<style type=\"text\/css\" data-created_by=\"avia_inline_auto\" id=\"style-css-av-av_one_fifth-9497bbf8bff73ea4c6992cc17fa9ec36\">\n.flex_column.av-av_one_fifth-9497bbf8bff73ea4c6992cc17fa9ec36{\nborder-radius:0px 0px 0px 0px;\n-webkit-border-radius:0px 0px 0px 0px;\n-moz-border-radius:0px 0px 0px 0px;\n}\n<\/style>\n<div class='flex_column av-av_one_fifth-9497bbf8bff73ea4c6992cc17fa9ec36 av_one_fifth  avia-builder-el-0  el_before_av_three_fourth  avia-builder-el-first  first flex_column_div av-zero-column-padding '   ><\/div>\n\n<style type=\"text\/css\" data-created_by=\"avia_inline_auto\" id=\"style-css-av-av_three_fourth-9c1d454dc06f7247226bc4e8f931daae\">\n.flex_column.av-av_three_fourth-9c1d454dc06f7247226bc4e8f931daae{\nborder-radius:0px 0px 0px 0px;\n-webkit-border-radius:0px 0px 0px 0px;\n-moz-border-radius:0px 0px 0px 0px;\n}\n<\/style>\n<div class='flex_column av-av_three_fourth-9c1d454dc06f7247226bc4e8f931daae av_three_fourth  avia-builder-el-1  el_after_av_one_fifth  avia-builder-el-last  flex_column_div av-zero-column-padding '   ><p>\n<style type=\"text\/css\" data-created_by=\"avia_inline_auto\" id=\"style-css-av-av_heading-31d161361cd41f239dbe45033bf3527e\">\n#top .av-special-heading.av-av_heading-31d161361cd41f239dbe45033bf3527e{\npadding-bottom:10px;\n}\nbody .av-special-heading.av-av_heading-31d161361cd41f239dbe45033bf3527e .av-special-heading-tag .heading-char{\nfont-size:25px;\n}\n.av-special-heading.av-av_heading-31d161361cd41f239dbe45033bf3527e .av-subheading{\nfont-size:15px;\n}\n<\/style>\n<div  class='av-special-heading av-av_heading-31d161361cd41f239dbe45033bf3527e av-special-heading-h3  avia-builder-el-2  el_before_av_textblock  avia-builder-el-first '><h3 class='av-special-heading-tag'  itemprop=\"headline\"  >Avis juridique sur la collecte de donn\u00e9es<\/h3><div class=\"special-heading-border\"><div class=\"special-heading-inner-border\"><\/div><\/div><\/div><br \/>\n<section  class='av_textblock_section av-av_textblock-0366cc7376be6c9e82a3e9cc8987b64f'  itemscope=\"itemscope\" itemtype=\"https:\/\/schema.org\/CreativeWork\" ><div class='avia_textblock'  itemprop=\"text\" ><p>En conformit\u00e9 avec les dispositions de l&rsquo;article 5 de la loi organique 15\/1999 du D\u00e9cembre 13 Protection des donn\u00e9es personnelles, \u00ab\u00a0FBO ORGANISATION, S.L.\u00a0\u00bb informe que les renseignements personnels que vous nous fournissez lors du remplissage du formulaire, seront collect\u00e9es dans un fichier \u00e0 votre nom, afin de r\u00e9pondre \u00e0 votre demande et vous informer que\u00a0nos services et \/ ou produits et communications de nature diff\u00e9rente ne sont pas incompatibles. Dans le cas de la fourniture de donn\u00e9es \u00e0 des tiers, vous serez responsable du consentement pr\u00e9alable correspondant \u00e0 une telle cession. En remplissant ce\u00a0formulaire cela\u00a0implique que l&rsquo;exp\u00e9diteur accepte les conditions et reconnait que les donn\u00e9es fournies sont les siennes, exactes et v\u00e9ridiques. Pour exercer votre droit d&rsquo;acc\u00e8s, de rectification, d&rsquo;opposition ou d&rsquo;annulation, il devra \u00eatre trait\u00e9 dans les termes et conditions figurant dans notre <a href=\"https:\/\/fbo-org.com\/fr\/obligations-legales\/\">Politique de confidentialit\u00e9<\/a>.<\/p>\n<\/div><\/section><\/div>\n","protected":false},"excerpt":{"rendered":"Avis juridique sur la collecte de donn\u00e9es En conformit\u00e9 avec les dispositions de l'article 5 de la loi organique 15\/1999 du D\u00e9cembre 13 Protection des donn\u00e9es personnelles, \"FBO ORGANISATION, S.L.\" informe que les renseignements personnels que vous nous fournissez lors du remplissage du formulaire, seront collect\u00e9es dans un fichier \u00e0 votre nom, afin de r\u00e9pondre [...]","protected":false},"author":5,"featured_media":0,"parent":0,"menu_order":0,"comment_status":"closed","ping_status":"closed","template":"","meta":[],"_links":{"self":[{"href":"https:\/\/fbo-org.com\/fr\/wp-json\/wp\/v2\/pages\/2416"}],"collection":[{"href":"https:\/\/fbo-org.com\/fr\/wp-json\/wp\/v2\/pages"}],"about":[{"href":"https:\/\/fbo-org.com\/fr\/wp-json\/wp\/v2\/types\/page"}],"author":[{"embeddable":true,"href":"https:\/\/fbo-org.com\/fr\/wp-json\/wp\/v2\/users\/5"}],"replies":[{"embeddable":true,"href":"https:\/\/fbo-org.com\/fr\/wp-json\/wp\/v2\/comments?post=2416"}],"version-history":[{"count":4,"href":"https:\/\/fbo-org.com\/fr\/wp-json\/wp\/v2\/pages\/2416\/revisions"}],"predecessor-version":[{"id":2873,"href":"https:\/\/fbo-org.com\/fr\/wp-json\/wp\/v2\/pages\/2416\/revisions\/2873"}],"wp:attachment":[{"href":"https:\/\/fbo-org.com\/fr\/wp-json\/wp\/v2\/media?parent=2416"}],"curies":[{"name":"wp","href":"https:\/\/api.w.org\/{rel}","templated":true}]}}