{"id":2406,"date":"2016-01-29T12:45:44","date_gmt":"2016-01-29T12:45:44","guid":{"rendered":"http:\/\/fbo-org.com\/aviso-legal-sobre-los-datos-del-formulario-recomendar-a-un-amigo\/?lang=fr"},"modified":"2016-07-13T10:06:52","modified_gmt":"2016-07-13T10:06:52","slug":"avis-juridique-sur-les-donnees-recommander-former-a-un-ami","status":"publish","type":"page","link":"https:\/\/fbo-org.com\/fr\/avis-juridique-sur-les-donnees-recommander-former-a-un-ami\/","title":{"rendered":"Avis juridique sur les donn\u00e9es -Recommander former \u00e0 un ami-"},"content":{"rendered":"\n<style type=\"text\/css\" data-created_by=\"avia_inline_auto\" id=\"style-css-av-av_one_fifth-9497bbf8bff73ea4c6992cc17fa9ec36\">\n.flex_column.av-av_one_fifth-9497bbf8bff73ea4c6992cc17fa9ec36{\nborder-radius:0px 0px 0px 0px;\n-webkit-border-radius:0px 0px 0px 0px;\n-moz-border-radius:0px 0px 0px 0px;\n}\n<\/style>\n<div class='flex_column av-av_one_fifth-9497bbf8bff73ea4c6992cc17fa9ec36 av_one_fifth  avia-builder-el-0  el_before_av_three_fourth  avia-builder-el-first  first flex_column_div av-zero-column-padding '   ><\/div>\n\n<style type=\"text\/css\" data-created_by=\"avia_inline_auto\" id=\"style-css-av-av_three_fourth-9c1d454dc06f7247226bc4e8f931daae\">\n.flex_column.av-av_three_fourth-9c1d454dc06f7247226bc4e8f931daae{\nborder-radius:0px 0px 0px 0px;\n-webkit-border-radius:0px 0px 0px 0px;\n-moz-border-radius:0px 0px 0px 0px;\n}\n<\/style>\n<div class='flex_column av-av_three_fourth-9c1d454dc06f7247226bc4e8f931daae av_three_fourth  avia-builder-el-1  el_after_av_one_fifth  avia-builder-el-last  flex_column_div av-zero-column-padding '   ><p>\n<style type=\"text\/css\" data-created_by=\"avia_inline_auto\" id=\"style-css-av-av_heading-9c6409bfd9997201818596da8ac5637e\">\n#top .av-special-heading.av-av_heading-9c6409bfd9997201818596da8ac5637e{\npadding-bottom:10px;\n}\nbody .av-special-heading.av-av_heading-9c6409bfd9997201818596da8ac5637e .av-special-heading-tag .heading-char{\nfont-size:25px;\n}\n.av-special-heading.av-av_heading-9c6409bfd9997201818596da8ac5637e .av-subheading{\nfont-size:15px;\n}\n<\/style>\n<div  class='av-special-heading av-av_heading-9c6409bfd9997201818596da8ac5637e av-special-heading-h4  avia-builder-el-2  el_before_av_hr  avia-builder-el-first '><h4 class='av-special-heading-tag'  itemprop=\"headline\"  >Avis juridique sur les donn\u00e9es -Recommander former \u00e0 un ami-<\/h4><div class=\"special-heading-border\"><div class=\"special-heading-inner-border\"><\/div><\/div><\/div><br \/>\n\n<style type=\"text\/css\" data-created_by=\"avia_inline_auto\" id=\"style-css-av-av_hr-5ea7596238ed9f191e6b5e662093052f\">\n#top .hr.hr-invisible.av-av_hr-5ea7596238ed9f191e6b5e662093052f{\nheight:30px;\n}\n<\/style>\n<div  class='hr av-av_hr-5ea7596238ed9f191e6b5e662093052f hr-invisible  avia-builder-el-3  el_after_av_heading  el_before_av_textblock '><span class='hr-inner '><span class=\"hr-inner-style\"><\/span><\/span><\/div><br \/>\n<section  class='av_textblock_section av-av_textblock-0366cc7376be6c9e82a3e9cc8987b64f'  itemscope=\"itemscope\" itemtype=\"https:\/\/schema.org\/CreativeWork\" ><div class='avia_textblock'  itemprop=\"text\" ><p>En conformit\u00e9 avec les dispositions de l&rsquo;article 5 de la loi organique 15\/1999 du 13\u00a0D\u00e9cembre sur la Protection des donn\u00e9es personnelles, \u00ab\u00a0FBO ORGANISATION, S.L.\u00a0\u00bb informe que le caract\u00e8re personnel que vous fournissez lorsque vous remplissez le formulaire, ne peut pas \u00eatre utilis\u00e9 \u00e0 des fins autres que d&rsquo;envoyer un e-mail \u00e0 la personne \u00e0 qui vous recommandez notre site web. Nous vous demandons votre nom et e-mail afin que la personne \u00e0 qui vous recommandez notre\u00a0Web, sache que ce message vient de vous. <strong>Aucune des donn\u00e9es sera\u00a0stock\u00e9e sous cette forme.<\/strong> Nous informons \u00e9galement que les donn\u00e9es fournies sur des t\u00eders doivent l\u00e9galment obtenir le consentements pr\u00e9alable de ces derniers.<\/p>\n<\/div><\/section><\/div>\n","protected":false},"excerpt":{"rendered":"Avis juridique sur les donn\u00e9es -Recommander former \u00e0 un ami- En conformit\u00e9 avec les dispositions de l'article 5 de la loi organique 15\/1999 du 13\u00a0D\u00e9cembre sur la Protection des donn\u00e9es personnelles, \"FBO ORGANISATION, S.L.\" informe que le caract\u00e8re personnel que vous fournissez lorsque vous remplissez le formulaire, ne peut pas \u00eatre utilis\u00e9 \u00e0 des fins [...]","protected":false},"author":5,"featured_media":0,"parent":0,"menu_order":0,"comment_status":"closed","ping_status":"closed","template":"","meta":[],"_links":{"self":[{"href":"https:\/\/fbo-org.com\/fr\/wp-json\/wp\/v2\/pages\/2406"}],"collection":[{"href":"https:\/\/fbo-org.com\/fr\/wp-json\/wp\/v2\/pages"}],"about":[{"href":"https:\/\/fbo-org.com\/fr\/wp-json\/wp\/v2\/types\/page"}],"author":[{"embeddable":true,"href":"https:\/\/fbo-org.com\/fr\/wp-json\/wp\/v2\/users\/5"}],"replies":[{"embeddable":true,"href":"https:\/\/fbo-org.com\/fr\/wp-json\/wp\/v2\/comments?post=2406"}],"version-history":[{"count":9,"href":"https:\/\/fbo-org.com\/fr\/wp-json\/wp\/v2\/pages\/2406\/revisions"}],"predecessor-version":[{"id":2874,"href":"https:\/\/fbo-org.com\/fr\/wp-json\/wp\/v2\/pages\/2406\/revisions\/2874"}],"wp:attachment":[{"href":"https:\/\/fbo-org.com\/fr\/wp-json\/wp\/v2\/media?parent=2406"}],"curies":[{"name":"wp","href":"https:\/\/api.w.org\/{rel}","templated":true}]}}