{"id":2409,"date":"2015-12-21T10:38:16","date_gmt":"2015-12-21T10:38:16","guid":{"rendered":"http:\/\/fbo-org.com\/aviso-legal-sobre-recogida-de-datos\/?lang=ca"},"modified":"2016-06-07T09:23:06","modified_gmt":"2016-06-07T09:23:06","slug":"avis-legal-sobre-recollida-de-dades","status":"publish","type":"page","link":"https:\/\/fbo-org.com\/ca\/avis-legal-sobre-recollida-de-dades\/","title":{"rendered":"Av\u00eds legal sobre recollida de dades"},"content":{"rendered":"\n<style type=\"text\/css\" data-created_by=\"avia_inline_auto\" id=\"style-css-av-av_one_fifth-9497bbf8bff73ea4c6992cc17fa9ec36\">\n.flex_column.av-av_one_fifth-9497bbf8bff73ea4c6992cc17fa9ec36{\nborder-radius:0px 0px 0px 0px;\n-webkit-border-radius:0px 0px 0px 0px;\n-moz-border-radius:0px 0px 0px 0px;\n}\n<\/style>\n<div class='flex_column av-av_one_fifth-9497bbf8bff73ea4c6992cc17fa9ec36 av_one_fifth  avia-builder-el-0  el_before_av_three_fourth  avia-builder-el-first  first flex_column_div av-zero-column-padding '   ><\/div>\n\n<style type=\"text\/css\" data-created_by=\"avia_inline_auto\" id=\"style-css-av-av_three_fourth-9c1d454dc06f7247226bc4e8f931daae\">\n.flex_column.av-av_three_fourth-9c1d454dc06f7247226bc4e8f931daae{\nborder-radius:0px 0px 0px 0px;\n-webkit-border-radius:0px 0px 0px 0px;\n-moz-border-radius:0px 0px 0px 0px;\n}\n<\/style>\n<div class='flex_column av-av_three_fourth-9c1d454dc06f7247226bc4e8f931daae av_three_fourth  avia-builder-el-1  el_after_av_one_fifth  avia-builder-el-last  flex_column_div av-zero-column-padding '   ><p>\n<style type=\"text\/css\" data-created_by=\"avia_inline_auto\" id=\"style-css-av-av_heading-6e01c2a7d9a04379b4dcf74dc56738bf\">\n#top .av-special-heading.av-av_heading-6e01c2a7d9a04379b4dcf74dc56738bf{\npadding-bottom:10px;\n}\nbody .av-special-heading.av-av_heading-6e01c2a7d9a04379b4dcf74dc56738bf .av-special-heading-tag .heading-char{\nfont-size:25px;\n}\n.av-special-heading.av-av_heading-6e01c2a7d9a04379b4dcf74dc56738bf .av-subheading{\nfont-size:15px;\n}\n<\/style>\n<div  class='av-special-heading av-av_heading-6e01c2a7d9a04379b4dcf74dc56738bf av-special-heading-h3  avia-builder-el-2  el_before_av_textblock  avia-builder-el-first '><h3 class='av-special-heading-tag'  itemprop=\"headline\"  >Av\u00eds legal sobre recollida de dades<\/h3><div class=\"special-heading-border\"><div class=\"special-heading-inner-border\"><\/div><\/div><\/div><br \/>\n<section  class='av_textblock_section av-av_textblock-0366cc7376be6c9e82a3e9cc8987b64f'  itemscope=\"itemscope\" itemtype=\"https:\/\/schema.org\/CreativeWork\" ><div class='avia_textblock'  itemprop=\"text\" ><p>En compliment del que disposa l&#8217;article 5 de la Llei Org\u00e0nica 15\/1999 de 13 de desembre de Protecci\u00f3 de Dades de Car\u00e0cter Personal, &#8220;FBO ORGANISATION, S.L.&#8221; informa que les dades de car\u00e0cter personal que ens proporcioni quan empleni el formul\u00e0ria, es recolliran en un fitxer de la seva titularitat, amb la finalitat de donar resposta a la seva sol\u00b7licitud i informar sobre els nostres serveis i \/ o productes, aix\u00ed com comunicacions de diferent naturalesa que no siguin incompatibles. En el cas de facilitar dades de terceres persones, vost\u00e8 ser\u00e0 el responsable d&#8217;haver adquirit el corresponent consentiment previ per la cessi\u00f3. El fet d&#8217;emplenar aquest formul\u00e0ria implica que el remitent accepta les condicions i reconeix que les dades que ens indica s\u00f3n seves, exactes i certes. Per exercir el seu dret d&#8217;acc\u00e9s, rectificaci\u00f3, oposici\u00f3 o cancel\u00b7laci\u00f3, haur\u00e0 de dirigir-se en els termes i condicions que es relacionen a la nostra Pol\u00edtica de Privacitat.<\/p>\n<\/div><\/section><\/div>\n","protected":false},"excerpt":{"rendered":"Av\u00eds legal sobre recollida de dades En compliment del que disposa l'article 5 de la Llei Org\u00e0nica 15\/1999 de 13 de desembre de Protecci\u00f3 de Dades de Car\u00e0cter Personal, \"FBO ORGANISATION, S.L.\" informa que les dades de car\u00e0cter personal que ens proporcioni quan empleni el formul\u00e0ria, es recolliran en un fitxer de la seva titularitat, [...]","protected":false},"author":5,"featured_media":0,"parent":0,"menu_order":0,"comment_status":"closed","ping_status":"closed","template":"","meta":[],"_links":{"self":[{"href":"https:\/\/fbo-org.com\/ca\/wp-json\/wp\/v2\/pages\/2409"}],"collection":[{"href":"https:\/\/fbo-org.com\/ca\/wp-json\/wp\/v2\/pages"}],"about":[{"href":"https:\/\/fbo-org.com\/ca\/wp-json\/wp\/v2\/types\/page"}],"author":[{"embeddable":true,"href":"https:\/\/fbo-org.com\/ca\/wp-json\/wp\/v2\/users\/5"}],"replies":[{"embeddable":true,"href":"https:\/\/fbo-org.com\/ca\/wp-json\/wp\/v2\/comments?post=2409"}],"version-history":[{"count":3,"href":"https:\/\/fbo-org.com\/ca\/wp-json\/wp\/v2\/pages\/2409\/revisions"}],"predecessor-version":[{"id":2666,"href":"https:\/\/fbo-org.com\/ca\/wp-json\/wp\/v2\/pages\/2409\/revisions\/2666"}],"wp:attachment":[{"href":"https:\/\/fbo-org.com\/ca\/wp-json\/wp\/v2\/media?parent=2409"}],"curies":[{"name":"wp","href":"https:\/\/api.w.org\/{rel}","templated":true}]}}