{"id":2403,"date":"2016-01-29T12:45:44","date_gmt":"2016-01-29T12:45:44","guid":{"rendered":"http:\/\/fbo-org.com\/aviso-legal-sobre-los-datos-del-formulario-recomendar-a-un-amigo\/?lang=ca"},"modified":"2016-06-09T09:44:30","modified_gmt":"2016-06-09T09:44:30","slug":"avis-legal-sobre-les-dades-del-formulari-recomanar-a-un-amic","status":"publish","type":"page","link":"https:\/\/fbo-org.com\/ca\/avis-legal-sobre-les-dades-del-formulari-recomanar-a-un-amic\/","title":{"rendered":"Av\u00eds legal sobre les dades del formulari -Recomanar a un amic-"},"content":{"rendered":"\n<style type=\"text\/css\" data-created_by=\"avia_inline_auto\" id=\"style-css-av-av_one_fifth-9497bbf8bff73ea4c6992cc17fa9ec36\">\n.flex_column.av-av_one_fifth-9497bbf8bff73ea4c6992cc17fa9ec36{\nborder-radius:0px 0px 0px 0px;\n-webkit-border-radius:0px 0px 0px 0px;\n-moz-border-radius:0px 0px 0px 0px;\n}\n<\/style>\n<div class='flex_column av-av_one_fifth-9497bbf8bff73ea4c6992cc17fa9ec36 av_one_fifth  avia-builder-el-0  el_before_av_three_fourth  avia-builder-el-first  first flex_column_div av-zero-column-padding '   ><\/div>\n\n<style type=\"text\/css\" data-created_by=\"avia_inline_auto\" id=\"style-css-av-av_three_fourth-9c1d454dc06f7247226bc4e8f931daae\">\n.flex_column.av-av_three_fourth-9c1d454dc06f7247226bc4e8f931daae{\nborder-radius:0px 0px 0px 0px;\n-webkit-border-radius:0px 0px 0px 0px;\n-moz-border-radius:0px 0px 0px 0px;\n}\n<\/style>\n<div class='flex_column av-av_three_fourth-9c1d454dc06f7247226bc4e8f931daae av_three_fourth  avia-builder-el-1  el_after_av_one_fifth  avia-builder-el-last  flex_column_div av-zero-column-padding '   ><p>\n<style type=\"text\/css\" data-created_by=\"avia_inline_auto\" id=\"style-css-av-av_heading-796fe3538d833338d05cc733de68fa7d\">\n#top .av-special-heading.av-av_heading-796fe3538d833338d05cc733de68fa7d{\npadding-bottom:10px;\n}\nbody .av-special-heading.av-av_heading-796fe3538d833338d05cc733de68fa7d .av-special-heading-tag .heading-char{\nfont-size:25px;\n}\n.av-special-heading.av-av_heading-796fe3538d833338d05cc733de68fa7d .av-subheading{\nfont-size:15px;\n}\n<\/style>\n<div  class='av-special-heading av-av_heading-796fe3538d833338d05cc733de68fa7d av-special-heading-h4  avia-builder-el-2  el_before_av_hr  avia-builder-el-first '><h4 class='av-special-heading-tag'  itemprop=\"headline\"  >Av\u00eds legal sobre les dades del formulari -Recomanar a un amic-<\/h4><div class=\"special-heading-border\"><div class=\"special-heading-inner-border\"><\/div><\/div><\/div><br \/>\n\n<style type=\"text\/css\" data-created_by=\"avia_inline_auto\" id=\"style-css-av-av_hr-5ea7596238ed9f191e6b5e662093052f\">\n#top .hr.hr-invisible.av-av_hr-5ea7596238ed9f191e6b5e662093052f{\nheight:30px;\n}\n<\/style>\n<div  class='hr av-av_hr-5ea7596238ed9f191e6b5e662093052f hr-invisible  avia-builder-el-3  el_after_av_heading  el_before_av_textblock '><span class='hr-inner '><span class=\"hr-inner-style\"><\/span><\/span><\/div><br \/>\n<section  class='av_textblock_section av-av_textblock-0366cc7376be6c9e82a3e9cc8987b64f'  itemscope=\"itemscope\" itemtype=\"https:\/\/schema.org\/CreativeWork\" ><div class='avia_textblock'  itemprop=\"text\" ><p>En compliment del que disposa l&#8217;article 5 de la Llei Org\u00e0nica 15\/1999 de 13 de desembre de Protecci\u00f3 de Dades de Car\u00e0cter Personal, &#8220;FBO ORGANISATION, S.L.&#8221; informa que les dades de car\u00e0cter personal que ens proporcioni quan empleni el formulari, no s&#8217;utilitzaran per a cap altra finalitat que no sigui enviar un missatge de correu electr\u00f2nic a la persona a la qual vost\u00e8 recomana la nostra p\u00e0gina web. Li demanem el seu nom i adre\u00e7a de correu electr\u00f2nic perqu\u00e8 la persona a la qual li recomana la nostra p\u00e0gina\u00a0 web s\u00e0piga que es tracta d&#8217;un missatge seu. <strong>Cap de les dades del formulari quedar\u00e0 emmagatzemada<\/strong>. Aix\u00ed mateix li informem que en facilitar-nos dades de terceres persones, segons la llei, vost\u00e8 ha de tenir el consentiment previ per a aquesta cessi\u00f3 de les dades.<\/p>\n<\/div><\/section><\/div>\n","protected":false},"excerpt":{"rendered":"Av\u00eds legal sobre les dades del formulari -Recomanar a un amic- En compliment del que disposa l'article 5 de la Llei Org\u00e0nica 15\/1999 de 13 de desembre de Protecci\u00f3 de Dades de Car\u00e0cter Personal, \"FBO ORGANISATION, S.L.\" informa que les dades de car\u00e0cter personal que ens proporcioni quan empleni el formulari, no s'utilitzaran per a [...]","protected":false},"author":5,"featured_media":0,"parent":0,"menu_order":0,"comment_status":"closed","ping_status":"closed","template":"","meta":[],"_links":{"self":[{"href":"https:\/\/fbo-org.com\/ca\/wp-json\/wp\/v2\/pages\/2403"}],"collection":[{"href":"https:\/\/fbo-org.com\/ca\/wp-json\/wp\/v2\/pages"}],"about":[{"href":"https:\/\/fbo-org.com\/ca\/wp-json\/wp\/v2\/types\/page"}],"author":[{"embeddable":true,"href":"https:\/\/fbo-org.com\/ca\/wp-json\/wp\/v2\/users\/5"}],"replies":[{"embeddable":true,"href":"https:\/\/fbo-org.com\/ca\/wp-json\/wp\/v2\/comments?post=2403"}],"version-history":[{"count":7,"href":"https:\/\/fbo-org.com\/ca\/wp-json\/wp\/v2\/pages\/2403\/revisions"}],"predecessor-version":[{"id":2691,"href":"https:\/\/fbo-org.com\/ca\/wp-json\/wp\/v2\/pages\/2403\/revisions\/2691"}],"wp:attachment":[{"href":"https:\/\/fbo-org.com\/ca\/wp-json\/wp\/v2\/media?parent=2403"}],"curies":[{"name":"wp","href":"https:\/\/api.w.org\/{rel}","templated":true}]}}